{"id":94,"date":"2025-09-17T11:34:54","date_gmt":"2025-09-17T11:34:54","guid":{"rendered":"https:\/\/www.sarieux.louisst.o2switch.site\/blog\/?page_id=94"},"modified":"2025-11-03T09:59:52","modified_gmt":"2025-11-03T09:59:52","slug":"accueil","status":"publish","type":"page","link":"https:\/\/www.sarieux.louisst.o2switch.site\/blog\/","title":{"rendered":"Accueil"},"content":{"rendered":"\n<p>Bonjour et bienvenue sur mon site !<br>Je m\u2019appelle <strong>Angeline Sarieux<\/strong>, \u00e9tudiante en <strong>BTS N\u00e9gociation et Digitalisation de la Relation Client (NDRC)<\/strong>. Passionn\u00e9e par l\u2019univers du voyage et de la <strong>beaut\u00e9<\/strong> mais plus particuli\u00e8rement par le <strong>stylisme ongulaire<\/strong>, j\u2019ai choisi de cr\u00e9er ce site afin de partager mes connaissances, mes projets et mon parcours dans ce domaine.<br>Ce site s\u2019inscrit dans le cadre d\u2019un projet scolaire et me permet de combiner mes comp\u00e9tences en communication, marketing digital et gestion de la relation client avec ma passion pour l\u2019onglerie.<\/p>\n\n\n\n<p>Le <strong>stylisme ongulaire<\/strong> est un domaine qui allie cr\u00e9ativit\u00e9, pr\u00e9cision et sens du d\u00e9tail. Il ne s\u2019agit pas seulement de d\u00e9corer les ongles, mais de valoriser la beaut\u00e9 naturelle des mains \u00e0 travers des techniques modernes et soign\u00e9es. Au fil de mes recherches et de mes exp\u00e9riences, j\u2019ai d\u00e9couvert l\u2019importance de la satisfaction client, du conseil personnalis\u00e9 et de la fid\u00e9lisation dans ce secteur, autant d\u2019\u00e9l\u00e9ments directement li\u00e9s \u00e0 ma formation en BTS NDRC.<\/p>\n\n\n\n<p>Sur ce site, vous trouverez plusieurs rubriques pour mieux d\u00e9couvrir mon univers :<\/p>\n\n\n\n<ul class=\"wp-block-list\">\n<li>Dans la page <strong><a href=\"https:\/\/www.sarieux.louisst.o2switch.site\/blog\/ma-formation\/\" data-type=\"page\" data-id=\"83\">Formation<\/a><\/strong>, je pr\u00e9sente mon parcours scolaire et les comp\u00e9tences que j\u2019ai acquises au fil de mes \u00e9tudes.<\/li>\n\n\n\n<li>La page <strong><a href=\"https:\/\/www.sarieux.louisst.o2switch.site\/blog\/mon-projet-professionnel\/\" data-type=\"page\" data-id=\"84\">Projet personnel<\/a><\/strong> met en avant mes r\u00e9alisations et mes r\u00e9flexions autour du stylisme ongulaire et du d\u00e9veloppement de la relation client dans ce milieu.<\/li>\n\n\n\n<li>Une <strong>galerie d\u2019images<\/strong> vous permettra de visualiser diff\u00e9rentes cr\u00e9ations et inspirations autour de l\u2019onglerie.<\/li>\n<\/ul>\n\n\n\n<p>Enfin, n\u2019h\u00e9sitez pas \u00e0 me <strong>contacter<\/strong> via le formulaire disponible en bas de cette page. Vous pouvez y renseigner votre <strong>nom<\/strong>, <strong>pr\u00e9nom<\/strong>, <strong>adresse mail<\/strong> et laisser un <strong>commentaire<\/strong> ou une question.<br>Je serai ravie d\u2019\u00e9changer avec vous et de partager ma passion pour le stylisme ongulaire !<\/p>\n\n\n\n<div class=\"wpcf7 no-js\" id=\"wpcf7-f207-o1\" lang=\"fr-FR\" dir=\"ltr\" data-wpcf7-id=\"207\">\n<div class=\"screen-reader-response\"><p role=\"status\" aria-live=\"polite\" aria-atomic=\"true\"><\/p> <ul><\/ul><\/div>\n<form action=\"\/blog\/wp-json\/wp\/v2\/pages\/94?cprotect=1#wpcf7-f207-o1\" method=\"post\" class=\"wpcf7-form init\" aria-label=\"Formulaire de contact\" novalidate=\"novalidate\" data-status=\"init\">\n<fieldset class=\"hidden-fields-container\"><input type=\"hidden\" name=\"_wpcf7\" value=\"207\" \/><input type=\"hidden\" name=\"_wpcf7_version\" value=\"6.1.3\" \/><input type=\"hidden\" name=\"_wpcf7_locale\" value=\"fr_FR\" \/><input type=\"hidden\" name=\"_wpcf7_unit_tag\" value=\"wpcf7-f207-o1\" \/><input type=\"hidden\" name=\"_wpcf7_container_post\" value=\"0\" \/><input type=\"hidden\" name=\"_wpcf7_posted_data_hash\" value=\"\" \/>\n<\/fieldset>\n<p><label>Nom*<br \/>\n<span class=\"wpcf7-form-control-wrap\" data-name=\"nom\"><input size=\"40\" maxlength=\"400\" class=\"wpcf7-form-control wpcf7-text wpcf7-validates-as-required\" aria-required=\"true\" aria-invalid=\"false\" value=\"\" type=\"text\" name=\"nom\" \/><\/span><\/label>\n<\/p>\n<p><label>Pr\u00e9nom*<br \/>\n<span class=\"wpcf7-form-control-wrap\" data-name=\"prenom\"><input size=\"40\" maxlength=\"400\" class=\"wpcf7-form-control wpcf7-text wpcf7-validates-as-required\" aria-required=\"true\" aria-invalid=\"false\" value=\"\" type=\"text\" name=\"prenom\" \/><\/span><\/label>\n<\/p>\n<p><label>Adresse mail*<br \/>\n<span class=\"wpcf7-form-control-wrap\" data-name=\"email\"><input size=\"40\" maxlength=\"400\" class=\"wpcf7-form-control wpcf7-email wpcf7-validates-as-required wpcf7-text wpcf7-validates-as-email\" aria-required=\"true\" aria-invalid=\"false\" value=\"\" type=\"email\" name=\"email\" \/><\/span><\/label>\n<\/p>\n<p><label>Commentaire*<br \/>\n<span class=\"wpcf7-form-control-wrap\" data-name=\"commentaire\"><textarea cols=\"40\" rows=\"10\" maxlength=\"2000\" class=\"wpcf7-form-control wpcf7-textarea wpcf7-validates-as-required\" aria-required=\"true\" aria-invalid=\"false\" name=\"commentaire\"><\/textarea><\/span><\/label>\n<\/p>\n<p><input class=\"wpcf7-form-control wpcf7-submit has-spinner\" type=\"submit\" value=\"Envoyer\" \/>\n<\/p><div class=\"wpcf7-response-output\" aria-hidden=\"true\"><\/div>\n<\/form>\n<\/div>\n\n\n\n\n<p><\/p>\n","protected":false},"excerpt":{"rendered":"<p>Bonjour et bienvenue sur mon site !Je m\u2019appelle Angeline Sarieux, \u00e9tudiante en BTS N\u00e9gociation et Digitalisation de la Relation Client (NDRC). Passionn\u00e9e par l\u2019univers du voyage et de la beaut\u00e9 mais plus particuli\u00e8rement par le stylisme ongulaire, j\u2019ai choisi de cr\u00e9er ce site afin de partager mes connaissances, mes projets et mon parcours dans ce [&hellip;]<\/p>\n","protected":false},"author":1,"featured_media":0,"parent":0,"menu_order":0,"comment_status":"closed","ping_status":"closed","template":"","meta":{"_uag_custom_page_level_css":"","site-sidebar-layout":"default","site-content-layout":"","ast-site-content-layout":"default","site-content-style":"default","site-sidebar-style":"default","ast-global-header-display":"","ast-banner-title-visibility":"","ast-main-header-display":"","ast-hfb-above-header-display":"","ast-hfb-below-header-display":"","ast-hfb-mobile-header-display":"","site-post-title":"","ast-breadcrumbs-content":"","ast-featured-img":"","footer-sml-layout":"","theme-transparent-header-meta":"","adv-header-id-meta":"","stick-header-meta":"","header-above-stick-meta":"","header-main-stick-meta":"","header-below-stick-meta":"","astra-migrate-meta-layouts":"default","ast-page-background-enabled":"default","ast-page-background-meta":{"desktop":{"background-color":"var(--ast-global-color-5)","background-image":"","background-repeat":"repeat","background-position":"center center","background-size":"auto","background-attachment":"scroll","background-type":"","background-media":"","overlay-type":"","overlay-color":"","overlay-opacity":"","overlay-gradient":""},"tablet":{"background-color":"","background-image":"","background-repeat":"repeat","background-position":"center center","background-size":"auto","background-attachment":"scroll","background-type":"","background-media":"","overlay-type":"","overlay-color":"","overlay-opacity":"","overlay-gradient":""},"mobile":{"background-color":"","background-image":"","background-repeat":"repeat","background-position":"center center","background-size":"auto","background-attachment":"scroll","background-type":"","background-media":"","overlay-type":"","overlay-color":"","overlay-opacity":"","overlay-gradient":""}},"ast-content-background-meta":{"desktop":{"background-color":"var(--ast-global-color-4)","background-image":"","background-repeat":"repeat","background-position":"center center","background-size":"auto","background-attachment":"scroll","background-type":"","background-media":"","overlay-type":"","overlay-color":"","overlay-opacity":"","overlay-gradient":""},"tablet":{"background-color":"var(--ast-global-color-4)","background-image":"","background-repeat":"repeat","background-position":"center center","background-size":"auto","background-attachment":"scroll","background-type":"","background-media":"","overlay-type":"","overlay-color":"","overlay-opacity":"","overlay-gradient":""},"mobile":{"background-color":"var(--ast-global-color-4)","background-image":"","background-repeat":"repeat","background-position":"center center","background-size":"auto","background-attachment":"scroll","background-type":"","background-media":"","overlay-type":"","overlay-color":"","overlay-opacity":"","overlay-gradient":""}},"footnotes":""},"class_list":["post-94","page","type-page","status-publish","hentry"],"uagb_featured_image_src":{"full":false,"thumbnail":false,"medium":false,"medium_large":false,"large":false,"1536x1536":false,"2048x2048":false},"uagb_author_info":{"display_name":"admin","author_link":"https:\/\/www.sarieux.louisst.o2switch.site\/blog\/author\/admin\/"},"uagb_comment_info":0,"uagb_excerpt":"Bonjour et bienvenue sur mon site !Je m\u2019appelle Angeline Sarieux, \u00e9tudiante en BTS N\u00e9gociation et Digitalisation de la Relation Client (NDRC). Passionn\u00e9e par l\u2019univers du voyage et de la beaut\u00e9 mais plus particuli\u00e8rement par le stylisme ongulaire, j\u2019ai choisi de cr\u00e9er ce site afin de partager mes connaissances, mes projets et mon parcours dans ce\u2026","_links":{"self":[{"href":"https:\/\/www.sarieux.louisst.o2switch.site\/blog\/wp-json\/wp\/v2\/pages\/94","targetHints":{"allow":["GET"]}}],"collection":[{"href":"https:\/\/www.sarieux.louisst.o2switch.site\/blog\/wp-json\/wp\/v2\/pages"}],"about":[{"href":"https:\/\/www.sarieux.louisst.o2switch.site\/blog\/wp-json\/wp\/v2\/types\/page"}],"author":[{"embeddable":true,"href":"https:\/\/www.sarieux.louisst.o2switch.site\/blog\/wp-json\/wp\/v2\/users\/1"}],"replies":[{"embeddable":true,"href":"https:\/\/www.sarieux.louisst.o2switch.site\/blog\/wp-json\/wp\/v2\/comments?post=94"}],"version-history":[{"count":6,"href":"https:\/\/www.sarieux.louisst.o2switch.site\/blog\/wp-json\/wp\/v2\/pages\/94\/revisions"}],"predecessor-version":[{"id":233,"href":"https:\/\/www.sarieux.louisst.o2switch.site\/blog\/wp-json\/wp\/v2\/pages\/94\/revisions\/233"}],"wp:attachment":[{"href":"https:\/\/www.sarieux.louisst.o2switch.site\/blog\/wp-json\/wp\/v2\/media?parent=94"}],"curies":[{"name":"wp","href":"https:\/\/api.w.org\/{rel}","templated":true}]}}