{"id":84,"date":"2025-09-17T07:49:21","date_gmt":"2025-09-17T07:49:21","guid":{"rendered":"https:\/\/www.sarieux.louisst.o2switch.site\/blog\/?page_id=84"},"modified":"2025-10-23T23:04:16","modified_gmt":"2025-10-23T23:04:16","slug":"mon-projet-professionnel","status":"publish","type":"page","link":"https:\/\/www.sarieux.louisst.o2switch.site\/blog\/mon-projet-professionnel\/","title":{"rendered":"Mon projet professionnel"},"content":{"rendered":"\n<p>Actuellement \u00e9tudiante en BTS N\u00e9gociation et Digitalisation de la Relation Client, je souhaite construire un projet professionnel qui me permette de mettre \u00e0 profit mes comp\u00e9tences commerciales, relationnelles et num\u00e9riques. Passionn\u00e9e par le contact humain et la satisfaction client, j\u2019envisage deux parcours professionnels qui me motivent particuli\u00e8rement.<\/p>\n\n\n\n<p>D\u2019une part, le m\u00e9tier d\u2019agente immobili\u00e8re m\u2019attire pour son dynamisme, la diversit\u00e9 de ses missions et la relation privil\u00e9gi\u00e9e qu\u2019il entretient avec les clients. La n\u00e9gociation, la prospection et le conseil sont des aspects qui me correspondent pleinement. Ce m\u00e9tier offre \u00e9galement une grande autonomie et une dimension commerciale concr\u00e8te, en lien direct avec ma formation.<\/p>\n\n\n\n<p>D\u2019autre part, je suis \u00e9galement int\u00e9ress\u00e9e par l\u2019univers de la beaut\u00e9 et plus pr\u00e9cis\u00e9ment la proth\u00e9sie ongulaire. Ce m\u00e9tier cr\u00e9atif me permettrait d\u2019exprimer ma personnalit\u00e9 tout en valorisant la satisfaction et la fid\u00e9lisation de la client\u00e8le. Les comp\u00e9tences acquises en BTS NDRC, comme la communication, la gestion de la relation client et la digitalisation, seraient des atouts essentiels pour d\u00e9velopper ma propre activit\u00e9 ou mon salon.<\/p>\n\n\n\n<p>\u00c0 travers ces deux orientations, mon objectif est de construire une carri\u00e8re o\u00f9 le sens du service, le professionnalisme et la passion guident mes actions au quotidien.<\/p>\n\n\n\n<figure class=\"wp-block-embed is-type-video is-provider-youtube wp-block-embed-youtube wp-embed-aspect-16-9 wp-has-aspect-ratio\"><div class=\"wp-block-embed__wrapper\">\n<iframe loading=\"lazy\" title=\"Le mat\u00e9riel pour d\u00e9buter dans les ongles en gel \ud83d\udc85\ud83c\udffb\" width=\"500\" height=\"281\" src=\"https:\/\/www.youtube.com\/embed\/gXXpfoOSCVU?feature=oembed\" frameborder=\"0\" allow=\"accelerometer; autoplay; clipboard-write; encrypted-media; gyroscope; picture-in-picture; web-share\" referrerpolicy=\"strict-origin-when-cross-origin\" allowfullscreen><\/iframe>\n<\/div><\/figure>\n\n\n\n<p>Retour \u00e0 l\u2019accueil pour en d\u00e9couvrir plus sur mon parcours ? <\/p>\n\n\n\n<div class=\"wp-block-buttons is-content-justification-center is-layout-flex wp-container-core-buttons-is-layout-a89b3969 wp-block-buttons-is-layout-flex\">\n<div class=\"wp-block-button\"><a class=\"wp-block-button__link wp-element-button\" href=\"https:\/\/www.sarieux.louisst.o2switch.site\/blog\/\">Retour \u00e0 l&rsquo;accueil<\/a><\/div>\n<\/div>\n\n\n\n<div class=\"wp-block-uagb-buttons uagb-buttons__outer-wrap uagb-btn__default-btn uagb-btn-tablet__default-btn uagb-btn-mobile__default-btn uagb-block-9bd1758a\"><div class=\"uagb-buttons__wrap uagb-buttons-layout-wrap \"><\/div><\/div>\n","protected":false},"excerpt":{"rendered":"<p>Actuellement \u00e9tudiante en BTS N\u00e9gociation et Digitalisation de la Relation Client, je souhaite construire un projet professionnel qui me permette de mettre \u00e0 profit mes comp\u00e9tences commerciales, relationnelles et num\u00e9riques. Passionn\u00e9e par le contact humain et la satisfaction client, j\u2019envisage deux parcours professionnels qui me motivent particuli\u00e8rement. D\u2019une part, le m\u00e9tier d\u2019agente immobili\u00e8re m\u2019attire pour [&hellip;]<\/p>\n","protected":false},"author":1,"featured_media":0,"parent":0,"menu_order":0,"comment_status":"closed","ping_status":"closed","template":"","meta":{"_uag_custom_page_level_css":"","site-sidebar-layout":"default","site-content-layout":"","ast-site-content-layout":"default","site-content-style":"default","site-sidebar-style":"default","ast-global-header-display":"","ast-banner-title-visibility":"","ast-main-header-display":"","ast-hfb-above-header-display":"","ast-hfb-below-header-display":"","ast-hfb-mobile-header-display":"","site-post-title":"","ast-breadcrumbs-content":"","ast-featured-img":"","footer-sml-layout":"","theme-transparent-header-meta":"","adv-header-id-meta":"","stick-header-meta":"","header-above-stick-meta":"","header-main-stick-meta":"","header-below-stick-meta":"","astra-migrate-meta-layouts":"default","ast-page-background-enabled":"default","ast-page-background-meta":{"desktop":{"background-color":"var(--ast-global-color-5)","background-image":"","background-repeat":"repeat","background-position":"center center","background-size":"auto","background-attachment":"scroll","background-type":"","background-media":"","overlay-type":"","overlay-color":"","overlay-opacity":"","overlay-gradient":""},"tablet":{"background-color":"","background-image":"","background-repeat":"repeat","background-position":"center center","background-size":"auto","background-attachment":"scroll","background-type":"","background-media":"","overlay-type":"","overlay-color":"","overlay-opacity":"","overlay-gradient":""},"mobile":{"background-color":"","background-image":"","background-repeat":"repeat","background-position":"center center","background-size":"auto","background-attachment":"scroll","background-type":"","background-media":"","overlay-type":"","overlay-color":"","overlay-opacity":"","overlay-gradient":""}},"ast-content-background-meta":{"desktop":{"background-color":"var(--ast-global-color-4)","background-image":"","background-repeat":"repeat","background-position":"center center","background-size":"auto","background-attachment":"scroll","background-type":"","background-media":"","overlay-type":"","overlay-color":"","overlay-opacity":"","overlay-gradient":""},"tablet":{"background-color":"var(--ast-global-color-4)","background-image":"","background-repeat":"repeat","background-position":"center center","background-size":"auto","background-attachment":"scroll","background-type":"","background-media":"","overlay-type":"","overlay-color":"","overlay-opacity":"","overlay-gradient":""},"mobile":{"background-color":"var(--ast-global-color-4)","background-image":"","background-repeat":"repeat","background-position":"center center","background-size":"auto","background-attachment":"scroll","background-type":"","background-media":"","overlay-type":"","overlay-color":"","overlay-opacity":"","overlay-gradient":""}},"footnotes":""},"class_list":["post-84","page","type-page","status-publish","hentry"],"uagb_featured_image_src":{"full":false,"thumbnail":false,"medium":false,"medium_large":false,"large":false,"1536x1536":false,"2048x2048":false},"uagb_author_info":{"display_name":"admin","author_link":"https:\/\/www.sarieux.louisst.o2switch.site\/blog\/author\/admin\/"},"uagb_comment_info":0,"uagb_excerpt":"Actuellement \u00e9tudiante en BTS N\u00e9gociation et Digitalisation de la Relation Client, je souhaite construire un projet professionnel qui me permette de mettre \u00e0 profit mes comp\u00e9tences commerciales, relationnelles et num\u00e9riques. Passionn\u00e9e par le contact humain et la satisfaction client, j\u2019envisage deux parcours professionnels qui me motivent particuli\u00e8rement. D\u2019une part, le m\u00e9tier d\u2019agente immobili\u00e8re m\u2019attire pour\u2026","_links":{"self":[{"href":"https:\/\/www.sarieux.louisst.o2switch.site\/blog\/wp-json\/wp\/v2\/pages\/84","targetHints":{"allow":["GET"]}}],"collection":[{"href":"https:\/\/www.sarieux.louisst.o2switch.site\/blog\/wp-json\/wp\/v2\/pages"}],"about":[{"href":"https:\/\/www.sarieux.louisst.o2switch.site\/blog\/wp-json\/wp\/v2\/types\/page"}],"author":[{"embeddable":true,"href":"https:\/\/www.sarieux.louisst.o2switch.site\/blog\/wp-json\/wp\/v2\/users\/1"}],"replies":[{"embeddable":true,"href":"https:\/\/www.sarieux.louisst.o2switch.site\/blog\/wp-json\/wp\/v2\/comments?post=84"}],"version-history":[{"count":3,"href":"https:\/\/www.sarieux.louisst.o2switch.site\/blog\/wp-json\/wp\/v2\/pages\/84\/revisions"}],"predecessor-version":[{"id":220,"href":"https:\/\/www.sarieux.louisst.o2switch.site\/blog\/wp-json\/wp\/v2\/pages\/84\/revisions\/220"}],"wp:attachment":[{"href":"https:\/\/www.sarieux.louisst.o2switch.site\/blog\/wp-json\/wp\/v2\/media?parent=84"}],"curies":[{"name":"wp","href":"https:\/\/api.w.org\/{rel}","templated":true}]}}