{"id":83,"date":"2025-09-17T07:49:21","date_gmt":"2025-09-17T07:49:21","guid":{"rendered":"https:\/\/www.sarieux.louisst.o2switch.site\/blog\/?page_id=83"},"modified":"2025-10-23T22:49:59","modified_gmt":"2025-10-23T22:49:59","slug":"ma-formation","status":"publish","type":"page","link":"https:\/\/www.sarieux.louisst.o2switch.site\/blog\/ma-formation\/","title":{"rendered":"Ma formation"},"content":{"rendered":"\n<h3 class=\"wp-block-heading\">Pr\u00e9sentation du BTS NDRC<\/h3>\n\n\n\n<p>Le <strong>BTS N\u00e9gociation et Digitalisation de la Relation Client (NDRC)<\/strong> est une formation de deux ans qui pr\u00e9pare les \u00e9tudiants \u00e0 devenir des professionnels de la relation client, \u00e0 la fois dans la n\u00e9gociation, la communication et la gestion commerciale.<br>Ce dipl\u00f4me forme des commerciaux polyvalents, capables d\u2019interagir avec les clients sur diff\u00e9rents canaux (face \u00e0 face, t\u00e9l\u00e9phone, e-mail, r\u00e9seaux sociaux) tout en utilisant des outils num\u00e9riques performants.<\/p>\n\n\n\n<p>Le titulaire du BTS NDRC sait prospecter de nouveaux clients, n\u00e9gocier et suivre les ventes, tout en veillant \u00e0 la satisfaction et \u00e0 la fid\u00e9lisation de sa client\u00e8le. La digitalisation occupe une place importante dans la formation, permettant aux \u00e9tudiants de ma\u00eetriser les techniques du marketing digital et les outils de communication en ligne.<\/p>\n\n\n\n<p>Cette formation est particuli\u00e8rement adapt\u00e9e \u00e0 celles et ceux qui aiment le contact humain, la communication et le travail en \u00e9quipe, tout en \u00e9tant \u00e0 l\u2019aise avec les nouvelles technologies.<br>Le BTS NDRC est reconnu au niveau national et offre de nombreuses perspectives : emploi dans la vente, la gestion commerciale, ou encore la poursuite d\u2019\u00e9tudes vers une licence professionnelle ou un bachelor en marketing ou commerce.<\/p>\n\n\n\n<h3 class=\"wp-block-heading\">L\u2019\u00e9tablissement : SupAlta<\/h3>\n\n\n\n<p>Le BTS NDRC que je pr\u00e9pare se d\u00e9roule au sein de <strong>SupAlta<\/strong>, un \u00e9tablissement d\u2019enseignement sup\u00e9rieur situ\u00e9 \u00e0 Lyon et plus pr\u00e9cis\u00e9ment \u00e0 Croix Rousse<br>L\u2019\u00e9cole met l\u2019accent sur la professionnalisation, l\u2019accompagnement personnalis\u00e9 et l\u2019insertion en entreprise.<br>Les \u00e9tudiants b\u00e9n\u00e9ficient d\u2019un cadre dynamique et d\u2019outils num\u00e9riques modernes pour d\u00e9velopper leurs comp\u00e9tences commerciales et digitales.<\/p>\n\n\n\n<iframe src=\"https:\/\/www.google.com\/maps\/embed?pb=!1m18!1m12!1m3!1d2783.039737404249!2d4.817730576159442!3d45.77039387108058!2m3!1f0!2f0!3f0!3m2!1i1024!2i768!4f13.1!3m3!1m2!1s0x47f4eb73a8804a99%3A0xd4c6c879d1078c82!2sSup%20Alta!5e0!3m2!1sfr!2sfr!4v1761258204345!5m2!1sfr!2sfr\" width=\"600\" height=\"450\" style=\"border:0;\" allowfullscreen=\"\" loading=\"lazy\" referrerpolicy=\"no-referrer-when-downgrade\"><\/iframe>\n\n\n<style type='text\/css'>.wpcdt-timer-215 .wpcdt-clock{max-width: 750px;}<\/style>\n<div class=\"wpcdt-wrap wpcdt-timer-wrap wpcdt-clearfix  wpcdt-timer-circle wpcdt-timer-215\" data-conf=\"{&quot;current_date&quot;:&quot;2026-05-04 01:27:13&quot;,&quot;expiry_date&quot;:&quot;2027-05-10 00:00:00&quot;,&quot;timercircle_animation&quot;:&quot;smooth&quot;,&quot;timercircle_width&quot;:0.1,&quot;timer_bg_width&quot;:1.2,&quot;timer_bgclr&quot;:&quot;#313332&quot;,&quot;timer_day_bgclr&quot;:&quot;#e3be32&quot;,&quot;timer_hour_bgclr&quot;:&quot;#36b0e3&quot;,&quot;timer_minute_bgclr&quot;:&quot;#75bf44&quot;,&quot;timer_second_bgclr&quot;:&quot;#66c5af&quot;,&quot;day_text&quot;:&quot;Days&quot;,&quot;hour_text&quot;:&quot;Hours&quot;,&quot;minute_text&quot;:&quot;Minutes&quot;,&quot;second_text&quot;:&quot;Seconds&quot;,&quot;is_days&quot;:1,&quot;is_hours&quot;:1,&quot;is_minutes&quot;:1,&quot;is_seconds&quot;:1}\">\n\t<div class=\"wpcdt-timer-inr wpcdt-timer wpcdt-timer-js\" id=\"wpcdt-timer-1\" data-id=\"215\">\n\t\t<div class=\"wpcdt-clock wpcdt-clock-circle\" data-timer=\"32049167\"><\/div>\n\t<\/div>\n<\/div>\n","protected":false},"excerpt":{"rendered":"<p>Pr\u00e9sentation du BTS NDRC Le BTS N\u00e9gociation et Digitalisation de la Relation Client (NDRC) est une formation de deux ans qui pr\u00e9pare les \u00e9tudiants \u00e0 devenir des professionnels de la relation client, \u00e0 la fois dans la n\u00e9gociation, la communication et la gestion commerciale.Ce dipl\u00f4me forme des commerciaux polyvalents, capables d\u2019interagir avec les clients sur [&hellip;]<\/p>\n","protected":false},"author":1,"featured_media":0,"parent":0,"menu_order":0,"comment_status":"closed","ping_status":"closed","template":"","meta":{"_uag_custom_page_level_css":"","site-sidebar-layout":"default","site-content-layout":"","ast-site-content-layout":"default","site-content-style":"default","site-sidebar-style":"default","ast-global-header-display":"","ast-banner-title-visibility":"","ast-main-header-display":"","ast-hfb-above-header-display":"","ast-hfb-below-header-display":"","ast-hfb-mobile-header-display":"","site-post-title":"","ast-breadcrumbs-content":"","ast-featured-img":"","footer-sml-layout":"","theme-transparent-header-meta":"","adv-header-id-meta":"","stick-header-meta":"","header-above-stick-meta":"","header-main-stick-meta":"","header-below-stick-meta":"","astra-migrate-meta-layouts":"default","ast-page-background-enabled":"default","ast-page-background-meta":{"desktop":{"background-color":"var(--ast-global-color-5)","background-image":"","background-repeat":"repeat","background-position":"center center","background-size":"auto","background-attachment":"scroll","background-type":"","background-media":"","overlay-type":"","overlay-color":"","overlay-opacity":"","overlay-gradient":""},"tablet":{"background-color":"","background-image":"","background-repeat":"repeat","background-position":"center center","background-size":"auto","background-attachment":"scroll","background-type":"","background-media":"","overlay-type":"","overlay-color":"","overlay-opacity":"","overlay-gradient":""},"mobile":{"background-color":"","background-image":"","background-repeat":"repeat","background-position":"center center","background-size":"auto","background-attachment":"scroll","background-type":"","background-media":"","overlay-type":"","overlay-color":"","overlay-opacity":"","overlay-gradient":""}},"ast-content-background-meta":{"desktop":{"background-color":"var(--ast-global-color-4)","background-image":"","background-repeat":"repeat","background-position":"center center","background-size":"auto","background-attachment":"scroll","background-type":"","background-media":"","overlay-type":"","overlay-color":"","overlay-opacity":"","overlay-gradient":""},"tablet":{"background-color":"var(--ast-global-color-4)","background-image":"","background-repeat":"repeat","background-position":"center center","background-size":"auto","background-attachment":"scroll","background-type":"","background-media":"","overlay-type":"","overlay-color":"","overlay-opacity":"","overlay-gradient":""},"mobile":{"background-color":"var(--ast-global-color-4)","background-image":"","background-repeat":"repeat","background-position":"center center","background-size":"auto","background-attachment":"scroll","background-type":"","background-media":"","overlay-type":"","overlay-color":"","overlay-opacity":"","overlay-gradient":""}},"footnotes":""},"class_list":["post-83","page","type-page","status-publish","hentry"],"uagb_featured_image_src":{"full":false,"thumbnail":false,"medium":false,"medium_large":false,"large":false,"1536x1536":false,"2048x2048":false},"uagb_author_info":{"display_name":"admin","author_link":"https:\/\/www.sarieux.louisst.o2switch.site\/blog\/author\/admin\/"},"uagb_comment_info":0,"uagb_excerpt":"Pr\u00e9sentation du BTS NDRC Le BTS N\u00e9gociation et Digitalisation de la Relation Client (NDRC) est une formation de deux ans qui pr\u00e9pare les \u00e9tudiants \u00e0 devenir des professionnels de la relation client, \u00e0 la fois dans la n\u00e9gociation, la communication et la gestion commerciale.Ce dipl\u00f4me forme des commerciaux polyvalents, capables d\u2019interagir avec les clients sur\u2026","_links":{"self":[{"href":"https:\/\/www.sarieux.louisst.o2switch.site\/blog\/wp-json\/wp\/v2\/pages\/83","targetHints":{"allow":["GET"]}}],"collection":[{"href":"https:\/\/www.sarieux.louisst.o2switch.site\/blog\/wp-json\/wp\/v2\/pages"}],"about":[{"href":"https:\/\/www.sarieux.louisst.o2switch.site\/blog\/wp-json\/wp\/v2\/types\/page"}],"author":[{"embeddable":true,"href":"https:\/\/www.sarieux.louisst.o2switch.site\/blog\/wp-json\/wp\/v2\/users\/1"}],"replies":[{"embeddable":true,"href":"https:\/\/www.sarieux.louisst.o2switch.site\/blog\/wp-json\/wp\/v2\/comments?post=83"}],"version-history":[{"count":4,"href":"https:\/\/www.sarieux.louisst.o2switch.site\/blog\/wp-json\/wp\/v2\/pages\/83\/revisions"}],"predecessor-version":[{"id":217,"href":"https:\/\/www.sarieux.louisst.o2switch.site\/blog\/wp-json\/wp\/v2\/pages\/83\/revisions\/217"}],"wp:attachment":[{"href":"https:\/\/www.sarieux.louisst.o2switch.site\/blog\/wp-json\/wp\/v2\/media?parent=83"}],"curies":[{"name":"wp","href":"https:\/\/api.w.org\/{rel}","templated":true}]}}